{"id":82,"date":"2022-11-17T15:33:41","date_gmt":"2022-11-17T21:33:41","guid":{"rendered":"https:\/\/cuidaturenta.com\/?page_id=82"},"modified":"2023-02-21T05:35:42","modified_gmt":"2023-02-21T11:35:42","slug":"cuidando-tu-comunidad","status":"publish","type":"page","link":"https:\/\/cuidaturenta.com\/index.php\/cuidando-tu-comunidad\/","title":{"rendered":"Cuidando tu comunidad"},"content":{"rendered":"\t\t<div data-elementor-type=\"wp-page\" data-elementor-id=\"82\" class=\"elementor elementor-82\">\n\t\t\t\t\t\t\t\t\t<section class=\"elementor-section elementor-top-section elementor-element elementor-element-6b4d09a elementor-section-boxed elementor-section-height-default elementor-section-height-default\" data-id=\"6b4d09a\" data-element_type=\"section\">\n\t\t\t\t\t\t<div class=\"elementor-container elementor-column-gap-default\">\n\t\t\t\t\t<div class=\"aux-parallax-section elementor-column elementor-col-100 elementor-top-column elementor-element elementor-element-fc99bc8\" data-id=\"fc99bc8\" data-element_type=\"column\">\n\t\t\t<div class=\"elementor-widget-wrap elementor-element-populated\">\n\t\t\t\t\t\t\t\t<div class=\"elementor-element elementor-element-6b72627 elementor-widget elementor-widget-text-editor\" data-id=\"6b72627\" data-element_type=\"widget\" data-widget_type=\"text-editor.default\">\n\t\t\t\t<div class=\"elementor-widget-container\">\n\t\t\t<style>\/*! elementor - v3.11.1 - 15-02-2023 *\/\n.elementor-widget-text-editor.elementor-drop-cap-view-stacked .elementor-drop-cap{background-color:#818a91;color:#fff}.elementor-widget-text-editor.elementor-drop-cap-view-framed .elementor-drop-cap{color:#818a91;border:3px solid;background-color:transparent}.elementor-widget-text-editor:not(.elementor-drop-cap-view-default) .elementor-drop-cap{margin-top:8px}.elementor-widget-text-editor:not(.elementor-drop-cap-view-default) .elementor-drop-cap-letter{width:1em;height:1em}.elementor-widget-text-editor .elementor-drop-cap{float:left;text-align:center;line-height:1;font-size:50px}.elementor-widget-text-editor .elementor-drop-cap-letter{display:inline-block}<\/style>\t\t\t\t<h1 style=\"text-align: center;\"><img decoding=\"async\" loading=\"lazy\" class=\"alignnone  wp-image-268\" src=\"https:\/\/cuidaturenta.com\/wp-content\/uploads\/2023\/02\/Logos-Cuida-tu-renta-300x300.png\" alt=\"\" width=\"139\" height=\"139\" srcset=\"https:\/\/cuidaturenta.com\/wp-content\/uploads\/2023\/02\/Logos-Cuida-tu-renta-300x300.png 300w, https:\/\/cuidaturenta.com\/wp-content\/uploads\/2023\/02\/Logos-Cuida-tu-renta-150x150.png 150w, https:\/\/cuidaturenta.com\/wp-content\/uploads\/2023\/02\/Logos-Cuida-tu-renta.png 500w\" sizes=\"(max-width: 139px) 100vw, 139px\" \/><strong>Comunidad <span style=\"text-decoration: underline;\"><em>CUIDA TU RENTA<\/em><\/span><\/strong><\/h1>\t\t\t\t\t\t<\/div>\n\t\t\t\t<\/div>\n\t\t\t\t<div class=\"elementor-element elementor-element-6a2b994 elementor-widget elementor-widget-text-editor\" data-id=\"6a2b994\" data-element_type=\"widget\" data-widget_type=\"text-editor.default\">\n\t\t\t\t<div class=\"elementor-widget-container\">\n\t\t\t\t\t\t\t\t\t\t\t\t\t<\/div>\n\t\t\t\t<\/div>\n\t\t\t\t\t<\/div>\n\t\t<\/div>\n\t\t\t\t\t\t\t<\/div>\n\t\t<\/section>\n\t\t\t\t<section class=\"elementor-section elementor-top-section elementor-element elementor-element-139159b elementor-section-boxed elementor-section-height-default elementor-section-height-default\" data-id=\"139159b\" data-element_type=\"section\">\n\t\t\t\t\t\t<div class=\"elementor-container elementor-column-gap-default\">\n\t\t\t\t\t<div class=\"aux-parallax-section elementor-column elementor-col-33 elementor-top-column elementor-element elementor-element-79167b5\" data-id=\"79167b5\" data-element_type=\"column\">\n\t\t\t<div class=\"elementor-widget-wrap elementor-element-populated\">\n\t\t\t\t\t\t\t\t<div class=\"elementor-element elementor-element-1749289 elementor-widget elementor-widget-text-editor\" data-id=\"1749289\" data-element_type=\"widget\" data-widget_type=\"text-editor.default\">\n\t\t\t\t<div class=\"elementor-widget-container\">\n\t\t\t\t\t\t\t<p><img decoding=\"async\" loading=\"lazy\" class=\"wp-image-324 aligncenter\" src=\"https:\/\/cuidaturenta.com\/wp-content\/uploads\/2023\/02\/Firma-300x300.png\" alt=\"\" width=\"137\" height=\"137\" srcset=\"https:\/\/cuidaturenta.com\/wp-content\/uploads\/2023\/02\/Firma-300x300.png 300w, https:\/\/cuidaturenta.com\/wp-content\/uploads\/2023\/02\/Firma-150x150.png 150w, https:\/\/cuidaturenta.com\/wp-content\/uploads\/2023\/02\/Firma.png 500w\" sizes=\"(max-width: 137px) 100vw, 137px\" \/>Al momento de la firma de tu contrato y\/o entrega de tu p\u00f3liza, si sigues nuestras redes sociales, y nos compartes en tus historias, y\/o tu muro dejando un comentario recibir\u00e1s un <b>5%<\/b> de descuento autom\u00e1ticamente.<\/p>\t\t\t\t\t\t<\/div>\n\t\t\t\t<\/div>\n\t\t\t\t\t<\/div>\n\t\t<\/div>\n\t\t\t\t<div class=\"aux-parallax-section elementor-column elementor-col-33 elementor-top-column elementor-element elementor-element-befefa7\" data-id=\"befefa7\" data-element_type=\"column\">\n\t\t\t<div class=\"elementor-widget-wrap elementor-element-populated\">\n\t\t\t\t\t\t\t\t<div class=\"elementor-element elementor-element-2452047 elementor-widget elementor-widget-text-editor\" data-id=\"2452047\" data-element_type=\"widget\" data-widget_type=\"text-editor.default\">\n\t\t\t\t<div class=\"elementor-widget-container\">\n\t\t\t\t\t\t\t<div><img decoding=\"async\" loading=\"lazy\" class=\" wp-image-325 aligncenter\" src=\"https:\/\/cuidaturenta.com\/wp-content\/uploads\/2023\/02\/recomendar-300x300.png\" alt=\"\" width=\"137\" height=\"137\" srcset=\"https:\/\/cuidaturenta.com\/wp-content\/uploads\/2023\/02\/recomendar-300x300.png 300w, https:\/\/cuidaturenta.com\/wp-content\/uploads\/2023\/02\/recomendar-150x150.png 150w, https:\/\/cuidaturenta.com\/wp-content\/uploads\/2023\/02\/recomendar.png 500w\" sizes=\"(max-width: 137px) 100vw, 137px\" \/>Por cada referido que recomiendes con \u201cCuida tu renta\u201d, recibir\u00e1s un descuento del<b> 10% <\/b>en tu pr\u00f3xima p\u00f3liza.<\/div>\t\t\t\t\t\t<\/div>\n\t\t\t\t<\/div>\n\t\t\t\t\t<\/div>\n\t\t<\/div>\n\t\t\t\t<div class=\"aux-parallax-section elementor-column elementor-col-33 elementor-top-column elementor-element elementor-element-aabbf97\" data-id=\"aabbf97\" data-element_type=\"column\">\n\t\t\t<div class=\"elementor-widget-wrap elementor-element-populated\">\n\t\t\t\t\t\t\t\t<div class=\"elementor-element elementor-element-f444e31 elementor-widget elementor-widget-text-editor\" data-id=\"f444e31\" data-element_type=\"widget\" data-widget_type=\"text-editor.default\">\n\t\t\t\t<div class=\"elementor-widget-container\">\n\t\t\t\t\t\t\t<p><img decoding=\"async\" loading=\"lazy\" class=\"wp-image-331 aligncenter\" src=\"https:\/\/cuidaturenta.com\/wp-content\/uploads\/2023\/02\/asesoria-300x300.png\" alt=\"\" width=\"137\" height=\"137\" srcset=\"https:\/\/cuidaturenta.com\/wp-content\/uploads\/2023\/02\/asesoria-300x300.png 300w, https:\/\/cuidaturenta.com\/wp-content\/uploads\/2023\/02\/asesoria-150x150.png 150w, https:\/\/cuidaturenta.com\/wp-content\/uploads\/2023\/02\/asesoria.png 500w\" sizes=\"(max-width: 137px) 100vw, 137px\" \/><b>Asesor\u00eda legal gratuita<\/b> y <b>15%<\/b> de descuento en cualquier servicio jur\u00eddico que contrates con nosotros en materia Civil, Mercantil o Familiar.<\/p>\t\t\t\t\t\t<\/div>\n\t\t\t\t<\/div>\n\t\t\t\t\t<\/div>\n\t\t<\/div>\n\t\t\t\t\t\t\t<\/div>\n\t\t<\/section>\n\t\t\t\t<section class=\"elementor-section elementor-top-section elementor-element elementor-element-46704b4a elementor-section-boxed elementor-section-height-default elementor-section-height-default\" data-id=\"46704b4a\" data-element_type=\"section\">\n\t\t\t\t\t\t<div class=\"elementor-container elementor-column-gap-default\">\n\t\t\t\t\t<div class=\"aux-parallax-section elementor-column elementor-col-100 elementor-top-column elementor-element elementor-element-6e6e001\" data-id=\"6e6e001\" data-element_type=\"column\">\n\t\t\t<div class=\"elementor-widget-wrap elementor-element-populated\">\n\t\t\t\t\t\t\t\t<div class=\"elementor-element elementor-element-6e2798d4 elementor-widget elementor-widget-text-editor\" data-id=\"6e2798d4\" data-element_type=\"widget\" data-widget_type=\"text-editor.default\">\n\t\t\t\t<div class=\"elementor-widget-container\">\n\t\t\t\t\t\t\t<p><!-- wp:paragraph --><\/p>\n<p><span style=\"color: var( --e-global-color-text ); font-family: var( --e-global-typography-text-font-family ), Sans-serif;\"><b>*<\/b><\/span><span style=\"color: var( --e-global-color-text ); font-family: var( --e-global-typography-text-font-family ), Sans-serif; font-weight: var( --e-global-typography-text-font-weight );\">Los descuentos no est\u00e1n limitados; por lo que es posible que puedas obtener el <\/span><span style=\"color: var( --e-global-color-text ); font-family: var( --e-global-typography-text-font-family ), Sans-serif;\"><b>100% de descuento<\/b><\/span><span style=\"color: var( --e-global-color-text ); font-family: var( --e-global-typography-text-font-family ), Sans-serif; font-weight: var( --e-global-typography-text-font-weight );\"> ya que tienes todo el a\u00f1o para recomendarnos.\u00a0<\/span><\/p>\n<p><span style=\"color: var( --e-global-color-text ); font-family: var( --e-global-typography-text-font-family ), Sans-serif;\"><b>**<\/b><\/span><span style=\"color: var( --e-global-color-text ); font-family: var( --e-global-typography-text-font-family ), Sans-serif; font-weight: var( --e-global-typography-text-font-weight );\">Tus recomendaciones deber\u00e1n de haber contratado nuestros servicios para hacer la promoci\u00f3n v\u00e1lida. (No aplica para asesores inmobiliarios)<\/span><\/p>\n<p><!-- \/wp:paragraph --><\/p>\t\t\t\t\t\t<\/div>\n\t\t\t\t<\/div>\n\t\t\t\t\t<\/div>\n\t\t<\/div>\n\t\t\t\t\t\t\t<\/div>\n\t\t<\/section>\n\t\t\t\t\t\t\t<\/div>\n\t\t","protected":false},"excerpt":{"rendered":"<p>Comunidad CUIDA TU RENTA Al momento de la firma de tu contrato y\/o entrega de tu p\u00f3liza, si sigues nuestras redes sociales, y nos compartes en tus historias, y\/o tu muro dejando un comentario recibir\u00e1s un 5% de descuento autom\u00e1ticamente. Por cada referido que recomiendes con \u201cCuida tu renta\u201d, recibir\u00e1s un descuento del 10% en [&hellip;]<\/p>\n","protected":false},"author":2,"featured_media":0,"parent":0,"menu_order":0,"comment_status":"closed","ping_status":"closed","template":"","meta":{"om_disable_all_campaigns":false,"_mi_skip_tracking":false},"aioseo_notices":[],"_links":{"self":[{"href":"https:\/\/cuidaturenta.com\/index.php\/wp-json\/wp\/v2\/pages\/82"}],"collection":[{"href":"https:\/\/cuidaturenta.com\/index.php\/wp-json\/wp\/v2\/pages"}],"about":[{"href":"https:\/\/cuidaturenta.com\/index.php\/wp-json\/wp\/v2\/types\/page"}],"author":[{"embeddable":true,"href":"https:\/\/cuidaturenta.com\/index.php\/wp-json\/wp\/v2\/users\/2"}],"replies":[{"embeddable":true,"href":"https:\/\/cuidaturenta.com\/index.php\/wp-json\/wp\/v2\/comments?post=82"}],"version-history":[{"count":16,"href":"https:\/\/cuidaturenta.com\/index.php\/wp-json\/wp\/v2\/pages\/82\/revisions"}],"predecessor-version":[{"id":448,"href":"https:\/\/cuidaturenta.com\/index.php\/wp-json\/wp\/v2\/pages\/82\/revisions\/448"}],"wp:attachment":[{"href":"https:\/\/cuidaturenta.com\/index.php\/wp-json\/wp\/v2\/media?parent=82"}],"curies":[{"name":"wp","href":"https:\/\/api.w.org\/{rel}","templated":true}]}}