{"id":76,"date":"2022-11-17T15:31:20","date_gmt":"2022-11-17T21:31:20","guid":{"rendered":"https:\/\/cuidaturenta.com\/?page_id=76"},"modified":"2023-03-08T13:51:10","modified_gmt":"2023-03-08T19:51:10","slug":"precios","status":"publish","type":"page","link":"https:\/\/cuidaturenta.com\/index.php\/precios\/","title":{"rendered":"Precios"},"content":{"rendered":"\t\t<div data-elementor-type=\"wp-page\" data-elementor-id=\"76\" class=\"elementor elementor-76\">\n\t\t\t\t\t\t\t\t\t<section class=\"elementor-section elementor-top-section elementor-element elementor-element-5f1da4d elementor-section-boxed elementor-section-height-default elementor-section-height-default\" data-id=\"5f1da4d\" data-element_type=\"section\">\n\t\t\t\t\t\t<div class=\"elementor-container elementor-column-gap-default\">\n\t\t\t\t\t<div class=\"aux-parallax-section elementor-column elementor-col-100 elementor-top-column elementor-element elementor-element-57db30f\" data-id=\"57db30f\" data-element_type=\"column\">\n\t\t\t<div class=\"elementor-widget-wrap elementor-element-populated\">\n\t\t\t\t\t\t\t\t<div class=\"elementor-element elementor-element-67fb39c elementor-widget elementor-widget-html\" data-id=\"67fb39c\" data-element_type=\"widget\" data-widget_type=\"html.default\">\n\t\t\t\t<div class=\"elementor-widget-container\">\n\t\t\t  <style>\r\n        \/* Chrome, Safari, Edge, Opera *\/\r\n        input::-webkit-outer-spin-button,\r\n        input::-webkit-inner-spin-button {\r\n            -webkit-appearance: none;\r\n            margin: 0;\r\n        }\r\n\r\n        \/* Firefox *\/\r\n        input[type=number] {\r\n            -moz-appearance: textfield;\r\n        }\r\n\r\n        * {\r\n            font-family: \"Poppins\", Sans-serif\r\n        }\r\n        h2 {\r\n            color: #32609B;\r\n        }\r\n        .full-width {\r\n            width: 100%;\r\n            margin: 0 auto;\r\n            text-align: center;\r\n        }\r\n        .prices {\r\n            display: flex;\r\n            justify-content: space-around;\r\n            flex-wrap: wrap;\r\n            row-gap: 2em;\r\n        }\r\n        .plan_box {\r\n            max-width: 30%;\r\n            min-width: 25em;\r\n            padding: 1em;\r\n        }\r\n        .plan_box_internal {\r\n            box-shadow: 0 5px 25px 0 rgb(0 0 0 \/ 30%);\r\n            height: 100%;\r\n            width: 100%;\r\n            padding: 1.1em;\r\n        }\r\n        .plan_value {\r\n            display: inline-block;\r\n            padding: 0.8em;\r\n            font-weight: 700;\r\n            font-size: x-large;\r\n        }\r\n        .plan_value > div {\r\n            display: inline-block;\r\n        }\r\n        .plan_caracteristics {\r\n            display: inline-block;\r\n        }\r\n        .plan_caracteristics > div, li {\r\n            font-size: normal;\r\n            text-align: left;\r\n            line-height: 1.5em;\r\n            font-weight: 300;\r\n            font-family: \"Poppins\", Sans-serif;\r\n            color: #888;\r\n        }\r\n        .plan_title {\r\n            font-size: x-large;\r\n            color: #32609B;\r\n            font-weight: 600;\r\n        }\r\n        .price_input {\r\n            max-width: 100%;\r\n            width: 20em;\r\n            font-size: large;\r\n            border-radius: 2em;\r\n            padding: 0.9em 0.8em 0.8em 0.9em;\r\n            margin: 0.8em;\r\n        }\r\n        .exclude_badge {\r\n            color: red;\r\n        }\r\n        .include_badge {\r\n            color: green;\r\n        }\r\n        .iva_text {\r\n            color: #888;\r\n            font-size: small;\r\n        }\r\n    <\/style>\r\n  \r\n    <div class=\"pricing\">\r\n        <div class=\"full-width\">\r\n            <h2>Introduzca el monto de la renta<\/h2>\r\n            <input id=\"price_input\" class=\"price_input\" type=\"number\" onchange=\"onPriceChanged()\" onkeyup=\"onPriceChanged()\" placeholder=\"Monto de su renta\" min=\"1\">\r\n            <div class=\"iva_text\">Nuestros precios no incluyen I.V.A.<\/div>\r\n        <\/div>\r\n        <div class=\"full-width prices\">\r\n            <div class=\"plan_box\">\r\n                <div class=\"plan_box_internal\"> \r\n                    <div class=\"plan_title\">Contrato de arrendamiento <\/div> \r\n                    <div class=\"plan_value\">\r\n                        <small>$<\/small>\r\n                        <div id=\"poliza_arrendamiento\"> <\/div>\r\n                    <\/div>\r\n                    <div>\r\n                        <ul id=\"poliza_arrendamiento_table\" class=\"plan_caracteristics\">\r\n    \r\n                        <\/ul>\r\n                    <\/div>\r\n                <\/div>\r\n            <\/div>\r\n            <div class=\"plan_box\"> \r\n                <div class=\"plan_box_internal\"> \r\n                    <div class=\"plan_title\">P\u00f3liza Plus<\/div> \r\n                    <div class=\"plan_value\">\r\n                        <small>$<\/small>\r\n                        <div id=\"poliza_plus\"> <\/div>\r\n                    <\/div>\r\n                    <div>\r\n                        <ul id=\"poliza_plus_table\" class=\"plan_caracteristics\">\r\n    \r\n                        <\/ul>\r\n                    <\/div>\r\n                <\/div>\r\n            <\/div>\r\n            <div class=\"plan_box\"> \r\n                <div class=\"plan_box_internal\"> \r\n                    <div class=\"plan_title\">P\u00f3liza Full<\/div> \r\n                    <div class=\"plan_value\">\r\n                        <small>$<\/small>\r\n                        <div id=\"poliza_full\" class=\"\"> <\/div>\r\n                    <\/div>\r\n                    <div>\r\n                        <ul id=\"poliza_full_table\" class=\"plan_caracteristics\">\r\n    \r\n                        <\/ul>\r\n                    <\/div>\r\n                <\/div>\r\n            <\/div>\r\n        <\/div>\r\n        \r\n    <\/div>\r\n\r\n\r\n<script>\r\n        const planBenefits = \r\n            [\r\n                [\"Investigaci\u00f3n de arrendatario\", true, true, true],\r\n                [\"Investigaci\u00f3n de Fiador u Obligado Solidario\", true, true, true],\r\n                [\"Investigaci\u00f3n de garant\u00eda (Escrituras)\", false, false, true],\r\n                [\"Emisi\u00f3n de Reporte de Viabilidad\", true, true, true],\r\n                [\"Elaboraci\u00f3n de contrato\", true, true, true],\r\n                [\"Elaboraci\u00f3n de pagar\u00e9s*\", true, true, true],\r\n                [\"Impresi\u00f3n de inventario (Recepci\u00f3n en PDF)\",  false, true, true],\r\n                [\"Asistencia a la firma de contrato o firma electr\u00f3nica\", false, true, true],\r\n                [\"Mediaci\u00f3n durante la vigencia del contrato\", false, true, true],\r\n                [\"Elaboraci\u00f3n del convenio de rescisi\u00f3n o acta entrega del Inmueble**\", false, true, true],\r\n                [\"Asesoria Ley Nacional de Extinci\u00f3n de Dominio\", true, true, true],\r\n                [\"Seguro de da\u00f1os responsabilidad Civil Arrendatario\", true, true, true],\r\n                [\"Cobranza de rentas no pagadas\", false, true, true],\r\n                [\"Cobranza de adeudos en servicios\", false, true, true],\r\n                [\"Cobranza de da\u00f1os a la propiedad\", false, true, true],\r\n                [\"Desalojo en caso de incumplimiento\", false, true, true],\r\n                [\"Recuperaci\u00f3n del Inmueble en caso de Abandono\", false, true, true],\r\n                [\"Recuperacion de rentas no pagadas\", false, false, true],\r\n                [\"Recuperacion de adeudos en servicios\", false, false, true],\r\n                [\"Recuperaci\u00f3n de da\u00f1os a la propiedad***\", false, false, true],\r\n                [\"Juicio de amparo para ley Nacional Extinci\u00f3n de Dominio\", false, false, true],\r\n            ];\r\n\r\n\r\n        const priceTable = \r\n                [\r\n                [Number.NEGATIVE_INFINITY, null, null, null],\r\n                [1.00\t    ,1250.00\t,2500.00,\t3700.00],\r\n                [3001.00\t,1375.00\t,2750.00,\t3900.00],\r\n                [4001.00\t,1500.00\t,3000.00,\t4100.00],\r\n                [5001.00\t,1625.00\t,3250.00,\t4300.00],\r\n                [6001.00\t,1625.00\t,3250.00,\t4500.00],\r\n                [7001.00\t,1625.00\t,3250.00,\t4700.00],\r\n                [8001.00\t,1625.00\t,3250.00,\t4900.00],\r\n                [9001.00\t,1625.00\t,3250.00,\t5100.00],\r\n                [10001.00\t,1800.00\t,3600.00,\t5350.00],\r\n                [11001.00\t,1800.00\t,3600.00,\t5600.00],\r\n                [12001.00\t,1800.00\t,3600.00,\t5850.00],\r\n                [13001.00\t,1800.00\t,3600.00,\t6000.00],\r\n                [14001.00\t,1800.00\t,3600.00,\t6250.00],\r\n                [15001.00\t,2025.00\t,4050.00,\t6600.00],\r\n                [16001.00\t,2025.00\t,4050.00,\t6950.00],\r\n                [17001.00\t,2025.00\t,4050.00,\t7300.00],\r\n                [18001.00\t,2025.00\t,4050.00,\t7650.00],\r\n                [19001.00\t,2025.00\t,4050.00,\t8000.00],\r\n                [20001.00\t,2300.00\t,4600.00,\t8450.00],\r\n                [21001.00\t,2300.00\t,4600.00,\t8900.00],\r\n                [22001.00\t,2300.00\t,4600.00,\t9350.00],\r\n                [23001.00\t,2300.00\t,4600.00,\t9800.00],\r\n                [24001.00\t,2300.00\t,4600.00,\t10250.00],\r\n                [25001.00\t,2625.00\t,5250.00,\t10800.00],\r\n                [26001.00\t,2625.00\t,5250.00,\t11250.00],\r\n                [27001.00\t,2625.00\t,5250.00,\t11700.00],\r\n                [28001.00\t,2625.00\t,5250.00,\t12150.00],\r\n                [29001.00\t,2625.00\t,5250.00,\t12600.00],\r\n                [30001.00\t,3000.00\t,6000.00,\t13100.00],\r\n                [31001.00\t,3000.00\t,6000.00,\t13600.00],\r\n                [32001.00\t,3000.00\t,6000.00,\t14100.00],\r\n                [33001.00\t,3000.00\t,6000.00,\t14600.00],\r\n                [34001.00\t,3000.00\t,6000.00,\t15100.00],\r\n                [35001.00\t,3625.00\t,7250.00,\t15600.00],\r\n                [36001.00\t,3625.00\t,7250.00,\t16100.00],\r\n                [37001.00\t,3625.00\t,7250.00,\t16600.00],\r\n                [38001.00\t,3625.00\t,7250.00,\t17100.00],\r\n                [39001.00\t,3625.00\t,7250.00,\t17600.00],\r\n                [40001.00\t,4250.00\t,8500.00,\t18100.00],\r\n                [41001.00\t,4250.00\t,8500.00,\t18600.00],\r\n                [42001.00\t,4250.00\t,8500.00,\t19100.00],\r\n                [43001.00\t,4250.00\t,8500.00,\t19600.00],\r\n                [44001.00\t,4250.00\t,8500.00,\t20100.00],\r\n                [45001.00\t,4875.00\t,9750.00,\t20600.00],\r\n                [46001.00\t,4875.00\t,9750.00,\t21100.00],\r\n                [47001.00\t,4875.00\t,9750.00,\t21600.00],\r\n                [48001.00\t,4875.00\t,9750.00,\t22100.00],\r\n                [49001.00\t,4875.00\t,9750.00,\t22600.00],\r\n                [50001.00\t, null, null, null],\r\n                [Number.POSITIVE_INFINITY, null, null, null],\r\n            ];\r\n\r\n        function getPriceForRentPrice(rent_price) {\r\n            let i = 0;\r\n            while(i+1 < priceTable.length) {\r\n                if(priceTable[i][0] <= rent_price && rent_price < priceTable[i+1][0]) {\r\n                    return {\r\n                        normal: priceTable[i][1],\r\n                        plus: priceTable[i][2],\r\n                        full: priceTable[i][3]\r\n                    };\r\n                }\r\n                i = i + 1;\r\n            }\r\n\r\n            return {\r\n                normal: null,\r\n                plus: null,\r\n                full: null\r\n            };\r\n        }\r\n        \r\n        function isInputValid(input){\r\n            const number = Number(input);\r\n            return !isNaN(number) && number >= 0;\r\n        }\r\n\r\n        function fillTable(element, planId){\r\n            for(let i=0;i<planBenefits.length;++i){\r\n                const item = document.createElement(\"li\")\r\n                const includedBadge = planBenefits[i][planId + 1] ? \"<span class='include_badge'>\u2713<\/span>\": \"<span class='exclude_badge'>\u2718<\/span>\";\r\n                item.innerHTML = `<div>${planBenefits[i][0]} ${includedBadge}<\/div>`;\r\n                element.appendChild(item)\r\n            }\r\n        }\r\n\r\n        function fillTables() {\r\n            const tag_arrendamiento =document.getElementById(\"poliza_arrendamiento_table\");\r\n            const tag_p_plus =document.getElementById(\"poliza_plus_table\");\r\n            const tag_p_full =document.getElementById(\"poliza_full_table\");\r\n\r\n            fillTable(tag_arrendamiento, 0);\r\n            fillTable(tag_p_plus, 1);\r\n            fillTable(tag_p_full, 2);\r\n        }\r\n        \r\n        function onPriceChanged() {\r\n            const tag_input = document.getElementById(\"price_input\");\r\n            const tag_arrendamiento =document.getElementById(\"poliza_arrendamiento\");\r\n            const tag_p_plus =document.getElementById(\"poliza_plus\");\r\n            const tag_p_full =document.getElementById(\"poliza_full\");\r\n        \r\n            if(isInputValid(tag_input.value)){\r\n                const input_price = Number(tag_input.value);\r\n                const servicePrice = getPriceForRentPrice(input_price);\r\n                tag_arrendamiento.innerHTML = servicePrice.normal == null? \"Solicitar Cotizaci\u00f3n\" : servicePrice.normal;\r\n                tag_p_plus.innerHTML = servicePrice.plus == null? \"Solicitar Cotizaci\u00f3n\" : servicePrice.plus;\r\n                tag_p_full.innerHTML = servicePrice.full == null? \"Solicitar Cotizaci\u00f3n\" : servicePrice.full;    \r\n                \r\n            } else {\r\n                tag_arrendamiento.innerHTML = \"Entrada no v\u00e1lida\";\r\n                tag_p_plus.innerHTML = \"Entrada no v\u00e1lida\"\r\n                tag_p_full.innerHTML = \"Entrada no v\u00e1lida\";\r\n            }\r\n        }\r\n        window.addEventListener(\"load\", onPriceChanged);\r\n        window.addEventListener(\"load\", fillTables);\r\n        <\/script>\t\t<\/div>\n\t\t\t\t<\/div>\n\t\t\t\t\t<\/div>\n\t\t<\/div>\n\t\t\t\t\t\t\t<\/div>\n\t\t<\/section>\n\t\t\t\t<section class=\"elementor-section elementor-top-section elementor-element elementor-element-ac25c38 elementor-section-boxed elementor-section-height-default elementor-section-height-default\" data-id=\"ac25c38\" data-element_type=\"section\">\n\t\t\t\t\t\t<div class=\"elementor-container elementor-column-gap-default\">\n\t\t\t\t\t<div class=\"aux-parallax-section elementor-column elementor-col-100 elementor-top-column elementor-element elementor-element-014b848\" data-id=\"014b848\" data-element_type=\"column\">\n\t\t\t<div class=\"elementor-widget-wrap elementor-element-populated\">\n\t\t\t\t\t\t\t\t<div class=\"elementor-element elementor-element-3302150 elementor-widget elementor-widget-text-editor\" data-id=\"3302150\" data-element_type=\"widget\" data-widget_type=\"text-editor.default\">\n\t\t\t\t<div class=\"elementor-widget-container\">\n\t\t\t<style>\/*! elementor - v3.11.1 - 15-02-2023 *\/\n.elementor-widget-text-editor.elementor-drop-cap-view-stacked .elementor-drop-cap{background-color:#818a91;color:#fff}.elementor-widget-text-editor.elementor-drop-cap-view-framed .elementor-drop-cap{color:#818a91;border:3px solid;background-color:transparent}.elementor-widget-text-editor:not(.elementor-drop-cap-view-default) .elementor-drop-cap{margin-top:8px}.elementor-widget-text-editor:not(.elementor-drop-cap-view-default) .elementor-drop-cap-letter{width:1em;height:1em}.elementor-widget-text-editor .elementor-drop-cap{float:left;text-align:center;line-height:1;font-size:50px}.elementor-widget-text-editor .elementor-drop-cap-letter{display:inline-block}<\/style>\t\t\t\t<p>* Indispensable cuando se hace el tr\u00e1mite con obligado solidario.<\/p>\n<p>** Si existen incumplimientos, solicitar la cita para presentarnos a la entrega.<\/p>\n<p>*** S\u00f3lo aplica en caso de contratos con fiador.<\/p>\t\t\t\t\t\t<\/div>\n\t\t\t\t<\/div>\n\t\t\t\t\t<\/div>\n\t\t<\/div>\n\t\t\t\t\t\t\t<\/div>\n\t\t<\/section>\n\t\t\t\t\t\t\t<\/div>\n\t\t","protected":false},"excerpt":{"rendered":"<p>Introduzca el monto de la renta Nuestros precios no incluyen I.V.A. Contrato de arrendamiento $ P\u00f3liza Plus $ P\u00f3liza Full $ * Indispensable cuando se hace el tr\u00e1mite con obligado solidario. ** Si existen incumplimientos, solicitar la cita para presentarnos a la entrega. *** S\u00f3lo aplica en caso de contratos con fiador.<\/p>\n","protected":false},"author":2,"featured_media":0,"parent":0,"menu_order":0,"comment_status":"closed","ping_status":"closed","template":"","meta":{"om_disable_all_campaigns":false,"_mi_skip_tracking":false},"aioseo_notices":[],"_links":{"self":[{"href":"https:\/\/cuidaturenta.com\/index.php\/wp-json\/wp\/v2\/pages\/76"}],"collection":[{"href":"https:\/\/cuidaturenta.com\/index.php\/wp-json\/wp\/v2\/pages"}],"about":[{"href":"https:\/\/cuidaturenta.com\/index.php\/wp-json\/wp\/v2\/types\/page"}],"author":[{"embeddable":true,"href":"https:\/\/cuidaturenta.com\/index.php\/wp-json\/wp\/v2\/users\/2"}],"replies":[{"embeddable":true,"href":"https:\/\/cuidaturenta.com\/index.php\/wp-json\/wp\/v2\/comments?post=76"}],"version-history":[{"count":44,"href":"https:\/\/cuidaturenta.com\/index.php\/wp-json\/wp\/v2\/pages\/76\/revisions"}],"predecessor-version":[{"id":542,"href":"https:\/\/cuidaturenta.com\/index.php\/wp-json\/wp\/v2\/pages\/76\/revisions\/542"}],"wp:attachment":[{"href":"https:\/\/cuidaturenta.com\/index.php\/wp-json\/wp\/v2\/media?parent=76"}],"curies":[{"name":"wp","href":"https:\/\/api.w.org\/{rel}","templated":true}]}}