{"id":66,"date":"2022-11-17T14:55:38","date_gmt":"2022-11-17T20:55:38","guid":{"rendered":"https:\/\/cuidaturenta.com\/?page_id=66"},"modified":"2023-02-21T05:34:37","modified_gmt":"2023-02-21T11:34:37","slug":"como-lo-hacemos","status":"publish","type":"page","link":"https:\/\/cuidaturenta.com\/index.php\/como-lo-hacemos\/","title":{"rendered":"\u00bfC\u00f3mo lo hacemos?"},"content":{"rendered":"\t\t<div data-elementor-type=\"wp-page\" data-elementor-id=\"66\" class=\"elementor elementor-66\">\n\t\t\t\t\t\t\t\t\t<section class=\"elementor-section elementor-top-section elementor-element elementor-element-0e8a17b elementor-section-boxed elementor-section-height-default elementor-section-height-default\" data-id=\"0e8a17b\" data-element_type=\"section\">\n\t\t\t\t\t\t<div class=\"elementor-container elementor-column-gap-default\">\n\t\t\t\t\t<div class=\"aux-parallax-section elementor-column elementor-col-100 elementor-top-column elementor-element elementor-element-63c83f6\" data-id=\"63c83f6\" data-element_type=\"column\">\n\t\t\t<div class=\"elementor-widget-wrap elementor-element-populated\">\n\t\t\t\t\t\t\t\t<div class=\"elementor-element elementor-element-108bec4 elementor-widget elementor-widget-heading\" data-id=\"108bec4\" data-element_type=\"widget\" data-widget_type=\"heading.default\">\n\t\t\t\t<div class=\"elementor-widget-container\">\n\t\t\t<style>\/*! elementor - v3.11.1 - 15-02-2023 *\/\n.elementor-heading-title{padding:0;margin:0;line-height:1}.elementor-widget-heading .elementor-heading-title[class*=elementor-size-]>a{color:inherit;font-size:inherit;line-height:inherit}.elementor-widget-heading .elementor-heading-title.elementor-size-small{font-size:15px}.elementor-widget-heading .elementor-heading-title.elementor-size-medium{font-size:19px}.elementor-widget-heading .elementor-heading-title.elementor-size-large{font-size:29px}.elementor-widget-heading .elementor-heading-title.elementor-size-xl{font-size:39px}.elementor-widget-heading .elementor-heading-title.elementor-size-xxl{font-size:59px}<\/style><h2 class=\"elementor-heading-title elementor-size-default\"><span style=\"color: var( --e-global-color-primary ); font-family: var( --e-global-typography-primary-font-family ), Sans-serif; font-size: 39px; font-weight: var( --e-global-typography-primary-font-weight ); text-align: center;\">\u00bfC\u00f3mo lo hacemos?<\/span><\/h2>\t\t<\/div>\n\t\t\t\t<\/div>\n\t\t\t\t<div class=\"elementor-element elementor-element-77a0f4d elementor-widget elementor-widget-spacer\" data-id=\"77a0f4d\" data-element_type=\"widget\" data-widget_type=\"spacer.default\">\n\t\t\t\t<div class=\"elementor-widget-container\">\n\t\t\t<style>\/*! elementor - v3.11.1 - 15-02-2023 *\/\n.elementor-column .elementor-spacer-inner{height:var(--spacer-size)}.e-con{--container-widget-width:100%}.e-con-inner>.elementor-widget-spacer,.e-con>.elementor-widget-spacer{width:var(--container-widget-width,var(--spacer-size));--align-self:var(--container-widget-align-self,initial);--flex-shrink:0}.e-con-inner>.elementor-widget-spacer>.elementor-widget-container,.e-con-inner>.elementor-widget-spacer>.elementor-widget-container>.elementor-spacer,.e-con>.elementor-widget-spacer>.elementor-widget-container,.e-con>.elementor-widget-spacer>.elementor-widget-container>.elementor-spacer{height:100%}.e-con-inner>.elementor-widget-spacer>.elementor-widget-container>.elementor-spacer>.elementor-spacer-inner,.e-con>.elementor-widget-spacer>.elementor-widget-container>.elementor-spacer>.elementor-spacer-inner{height:var(--container-widget-height,var(--spacer-size))}<\/style>\t\t<div class=\"elementor-spacer\">\n\t\t\t<div class=\"elementor-spacer-inner\"><\/div>\n\t\t<\/div>\n\t\t\t\t<\/div>\n\t\t\t\t<\/div>\n\t\t\t\t\t<\/div>\n\t\t<\/div>\n\t\t\t\t\t\t\t<\/div>\n\t\t<\/section>\n\t\t\t\t<section class=\"elementor-section elementor-top-section elementor-element elementor-element-1b97e2c elementor-section-boxed elementor-section-height-default elementor-section-height-default\" data-id=\"1b97e2c\" data-element_type=\"section\">\n\t\t\t\t\t\t<div class=\"elementor-container elementor-column-gap-default\">\n\t\t\t\t\t<div class=\"aux-parallax-section elementor-column elementor-col-50 elementor-top-column elementor-element elementor-element-676de2d\" data-id=\"676de2d\" data-element_type=\"column\">\n\t\t\t<div class=\"elementor-widget-wrap elementor-element-populated\">\n\t\t\t\t\t\t\t\t<div class=\"elementor-element elementor-element-73b8306 elementor-view-stacked elementor-shape-circle elementor-widget elementor-widget-icon\" data-id=\"73b8306\" data-element_type=\"widget\" data-widget_type=\"icon.default\">\n\t\t\t\t<div class=\"elementor-widget-container\">\n\t\t\t\t\t<div class=\"elementor-icon-wrapper\">\n\t\t\t<div class=\"elementor-icon\">\n\t\t\t<i aria-hidden=\"true\" class=\"far fa-handshake\"><\/i>\t\t\t<\/div>\n\t\t<\/div>\n\t\t\t\t<\/div>\n\t\t\t\t<\/div>\n\t\t\t\t<div class=\"elementor-element elementor-element-19a77cd elementor-widget elementor-widget-text-editor\" data-id=\"19a77cd\" data-element_type=\"widget\" data-widget_type=\"text-editor.default\">\n\t\t\t\t<div class=\"elementor-widget-container\">\n\t\t\t<style>\/*! elementor - v3.11.1 - 15-02-2023 *\/\n.elementor-widget-text-editor.elementor-drop-cap-view-stacked .elementor-drop-cap{background-color:#818a91;color:#fff}.elementor-widget-text-editor.elementor-drop-cap-view-framed .elementor-drop-cap{color:#818a91;border:3px solid;background-color:transparent}.elementor-widget-text-editor:not(.elementor-drop-cap-view-default) .elementor-drop-cap{margin-top:8px}.elementor-widget-text-editor:not(.elementor-drop-cap-view-default) .elementor-drop-cap-letter{width:1em;height:1em}.elementor-widget-text-editor .elementor-drop-cap{float:left;text-align:center;line-height:1;font-size:50px}.elementor-widget-text-editor .elementor-drop-cap-letter{display:inline-block}<\/style>\t\t\t\t<h3 style=\"letter-spacing: normal;\">Conocemos a nuestro cliente<\/h3>\n<p style=\"font-family: Roboto, sans-serif; text-align: justify;\">\n<\/p><p style=\"font-family: Roboto, sans-serif; text-align: justify;\"><span style=\"font-weight: 600;\"><em><u>Asesor\u00eda.<\/u><\/em><\/span>&nbsp;Analizamos el perfil de nuestro cliente con la finalidad de ofrecer la cobertura que mas le convenga.<\/p>\n<p style=\"font-family: Roboto, sans-serif; text-align: justify;\">\n<\/p><p style=\"font-family: Roboto, sans-serif; text-align: justify;\"><span style=\"font-weight: 600;\"><em><u>Integraci\u00f3n.<\/u><\/em><\/span>&nbsp;Creamos un n\u00famero de cliente para integrar un expediente del arrendador, arrendatario, fiador y\/o obligado solidario.<\/p>\t\t\t\t\t\t<\/div>\n\t\t\t\t<\/div>\n\t\t\t\t\t<\/div>\n\t\t<\/div>\n\t\t\t\t<div class=\"aux-parallax-section elementor-column elementor-col-50 elementor-top-column elementor-element elementor-element-0532798\" data-id=\"0532798\" data-element_type=\"column\">\n\t\t\t<div class=\"elementor-widget-wrap elementor-element-populated\">\n\t\t\t\t\t\t\t\t<div class=\"elementor-element elementor-element-e423d2c elementor-view-stacked elementor-shape-circle elementor-widget elementor-widget-icon\" data-id=\"e423d2c\" data-element_type=\"widget\" data-widget_type=\"icon.default\">\n\t\t\t\t<div class=\"elementor-widget-container\">\n\t\t\t\t\t<div class=\"elementor-icon-wrapper\">\n\t\t\t<div class=\"elementor-icon\">\n\t\t\t<i aria-hidden=\"true\" class=\"fas fa-user-shield\"><\/i>\t\t\t<\/div>\n\t\t<\/div>\n\t\t\t\t<\/div>\n\t\t\t\t<\/div>\n\t\t\t\t<div class=\"elementor-element elementor-element-36decda elementor-widget elementor-widget-text-editor\" data-id=\"36decda\" data-element_type=\"widget\" data-widget_type=\"text-editor.default\">\n\t\t\t\t<div class=\"elementor-widget-container\">\n\t\t\t\t\t\t\t<h3 style=\"text-align: center;\">Prevenimos<\/h3>\n<p><!-- \/wp:paragraph --><!-- wp:heading {\"textAlign\":\"center\",\"fontSize\":\"large\"} --><\/p>\n<p><!-- \/wp:heading --><!-- wp:paragraph --><\/p>\n<p><u><i><strong>Investigaci\u00f3n.<\/strong> <\/i><\/u>Revisamos del arrendatario, fiador y obligado solidario, antecedentes judiciales, referencias laborales, referencias personales y familiares, solvencia econ\u00f3mica, media search.<\/p>\n<p><!-- \/wp:paragraph --><!-- wp:paragraph --><\/p>\n<p><strong><i><u>Garant\u00eda.<\/u><\/i><\/strong> Verificamos el titular registral y grav\u00e1menes en el registro p\u00fablico correspondiente.<\/p>\t\t\t\t\t\t<\/div>\n\t\t\t\t<\/div>\n\t\t\t\t\t<\/div>\n\t\t<\/div>\n\t\t\t\t\t\t\t<\/div>\n\t\t<\/section>\n\t\t\t\t<section class=\"elementor-section elementor-top-section elementor-element elementor-element-7480758 elementor-section-boxed elementor-section-height-default elementor-section-height-default\" data-id=\"7480758\" data-element_type=\"section\">\n\t\t\t\t\t\t<div class=\"elementor-container elementor-column-gap-default\">\n\t\t\t\t\t<div class=\"aux-parallax-section elementor-column elementor-col-50 elementor-top-column elementor-element elementor-element-3f5aae3\" data-id=\"3f5aae3\" data-element_type=\"column\">\n\t\t\t<div class=\"elementor-widget-wrap elementor-element-populated\">\n\t\t\t\t\t\t\t\t<div class=\"elementor-element elementor-element-c0c583a elementor-view-stacked elementor-shape-circle elementor-widget elementor-widget-icon\" data-id=\"c0c583a\" data-element_type=\"widget\" data-widget_type=\"icon.default\">\n\t\t\t\t<div class=\"elementor-widget-container\">\n\t\t\t\t\t<div class=\"elementor-icon-wrapper\">\n\t\t\t<div class=\"elementor-icon\">\n\t\t\t<i aria-hidden=\"true\" class=\"fas fa-user-lock\"><\/i>\t\t\t<\/div>\n\t\t<\/div>\n\t\t\t\t<\/div>\n\t\t\t\t<\/div>\n\t\t\t\t<div class=\"elementor-element elementor-element-514fcb4 elementor-widget elementor-widget-text-editor\" data-id=\"514fcb4\" data-element_type=\"widget\" data-widget_type=\"text-editor.default\">\n\t\t\t\t<div class=\"elementor-widget-container\">\n\t\t\t\t\t\t\t<h3 style=\"text-align: center;\">Protegemos<\/h3>\n<p><!-- \/wp:paragraph --><!-- wp:heading {\"textAlign\":\"center\",\"fontSize\":\"large\"} --><\/p>\n<p><!-- \/wp:heading --><!-- wp:paragraph --><\/p>\n<p><u><i><strong>Contrato.<\/strong> <\/i><\/u>Creamos un contrato de arrendamiento 100% personalizado, pagar\u00e9s e inventarios<\/p>\n<p><!-- \/wp:paragraph --><!-- wp:paragraph --><\/p>\n<p><u><em style=\"font-weight: bold;\">P\u00f3liza <\/em><strong><em>jur\u00eddica.<\/em><\/strong><\/u> Expedimos una p\u00f3liza de protecci\u00f3n jur\u00eddica.<\/p>\n<p><!-- \/wp:paragraph --><!-- wp:paragraph --><\/p>\n<p><strong><em><u>Firma.<\/u><\/em><\/strong> Se programa fecha de firma de contrato y p\u00f3liza jur\u00eddica.<\/p>\t\t\t\t\t\t<\/div>\n\t\t\t\t<\/div>\n\t\t\t\t\t<\/div>\n\t\t<\/div>\n\t\t\t\t<div class=\"aux-parallax-section elementor-column elementor-col-50 elementor-top-column elementor-element elementor-element-301ba2a\" data-id=\"301ba2a\" data-element_type=\"column\">\n\t\t\t<div class=\"elementor-widget-wrap elementor-element-populated\">\n\t\t\t\t\t\t\t\t<div class=\"elementor-element elementor-element-8fc06d5 elementor-view-stacked elementor-shape-circle elementor-widget elementor-widget-icon\" data-id=\"8fc06d5\" data-element_type=\"widget\" data-widget_type=\"icon.default\">\n\t\t\t\t<div class=\"elementor-widget-container\">\n\t\t\t\t\t<div class=\"elementor-icon-wrapper\">\n\t\t\t<div class=\"elementor-icon\">\n\t\t\t<i aria-hidden=\"true\" class=\"auxicon auxicon-puzzle\"><\/i>\t\t\t<\/div>\n\t\t<\/div>\n\t\t\t\t<\/div>\n\t\t\t\t<\/div>\n\t\t\t\t<div class=\"elementor-element elementor-element-e13a31f elementor-widget elementor-widget-text-editor\" data-id=\"e13a31f\" data-element_type=\"widget\" data-widget_type=\"text-editor.default\">\n\t\t\t\t<div class=\"elementor-widget-container\">\n\t\t\t\t\t\t\t<p style=\"text-align: center;\"><span style=\"font-family: Raleway, arial, sans-serif; font-size: 1.6875em; font-weight: 600; letter-spacing: 0px; color: var( --e-global-color-text );\">Solucionamos<\/span><\/p>\n<p><!-- \/wp:paragraph --><!-- wp:heading {\"textAlign\":\"center\",\"fontSize\":\"large\"} --><\/p>\n<p><!-- \/wp:heading --><!-- wp:paragraph --><\/p>\n<p><u><strong><em>Tipos de soluci\u00f3n<\/em><\/strong>.<\/u> Hacemos uso de las herramientas que nos brinda el cobijo que la ley, para poder dar soluci\u00f3n al conflicto con relaci\u00f3n al arrendamiento de la mejor manera posible por medio de la v\u00eda judicial y extrajudicial.<\/p>\t\t\t\t\t\t<\/div>\n\t\t\t\t<\/div>\n\t\t\t\t\t<\/div>\n\t\t<\/div>\n\t\t\t\t\t\t\t<\/div>\n\t\t<\/section>\n\t\t\t\t\t\t\t<\/div>\n\t\t","protected":false},"excerpt":{"rendered":"<p>\u00bfC\u00f3mo lo hacemos? Conocemos a nuestro cliente Asesor\u00eda.&nbsp;Analizamos el perfil de nuestro cliente con la finalidad de ofrecer la cobertura que mas le convenga. Integraci\u00f3n.&nbsp;Creamos un n\u00famero de cliente para integrar un expediente del arrendador, arrendatario, fiador y\/o obligado solidario. Prevenimos Investigaci\u00f3n. Revisamos del arrendatario, fiador y obligado solidario, antecedentes judiciales, referencias laborales, referencias personales [&hellip;]<\/p>\n","protected":false},"author":2,"featured_media":0,"parent":0,"menu_order":0,"comment_status":"closed","ping_status":"closed","template":"","meta":{"om_disable_all_campaigns":false,"_mi_skip_tracking":false},"aioseo_notices":[],"_links":{"self":[{"href":"https:\/\/cuidaturenta.com\/index.php\/wp-json\/wp\/v2\/pages\/66"}],"collection":[{"href":"https:\/\/cuidaturenta.com\/index.php\/wp-json\/wp\/v2\/pages"}],"about":[{"href":"https:\/\/cuidaturenta.com\/index.php\/wp-json\/wp\/v2\/types\/page"}],"author":[{"embeddable":true,"href":"https:\/\/cuidaturenta.com\/index.php\/wp-json\/wp\/v2\/users\/2"}],"replies":[{"embeddable":true,"href":"https:\/\/cuidaturenta.com\/index.php\/wp-json\/wp\/v2\/comments?post=66"}],"version-history":[{"count":20,"href":"https:\/\/cuidaturenta.com\/index.php\/wp-json\/wp\/v2\/pages\/66\/revisions"}],"predecessor-version":[{"id":446,"href":"https:\/\/cuidaturenta.com\/index.php\/wp-json\/wp\/v2\/pages\/66\/revisions\/446"}],"wp:attachment":[{"href":"https:\/\/cuidaturenta.com\/index.php\/wp-json\/wp\/v2\/media?parent=66"}],"curies":[{"name":"wp","href":"https:\/\/api.w.org\/{rel}","templated":true}]}}