{"id":20,"date":"2022-11-16T22:12:52","date_gmt":"2022-11-17T04:12:52","guid":{"rendered":"https:\/\/cuidaturenta.com\/?page_id=20"},"modified":"2023-02-19T12:06:16","modified_gmt":"2023-02-19T18:06:16","slug":"home","status":"publish","type":"page","link":"https:\/\/cuidaturenta.com\/index.php\/home\/","title":{"rendered":"\u00bfQui\u00e9nes somos?"},"content":{"rendered":"\t\t<div data-elementor-type=\"wp-page\" data-elementor-id=\"20\" class=\"elementor elementor-20\">\n\t\t\t\t\t\t\t\t\t<section class=\"elementor-section elementor-top-section elementor-element elementor-element-7445e186 elementor-section-boxed elementor-section-height-default elementor-section-height-default\" data-id=\"7445e186\" data-element_type=\"section\">\n\t\t\t\t\t\t<div class=\"elementor-container elementor-column-gap-default\">\n\t\t\t\t\t<div class=\"aux-parallax-section elementor-column elementor-col-100 elementor-top-column elementor-element elementor-element-3fe9975e\" data-id=\"3fe9975e\" data-element_type=\"column\">\n\t\t\t<div class=\"elementor-widget-wrap elementor-element-populated\">\n\t\t\t\t\t\t\t\t<div class=\"elementor-element elementor-element-b643f92 elementor-widget elementor-widget-heading\" data-id=\"b643f92\" data-element_type=\"widget\" data-widget_type=\"heading.default\">\n\t\t\t\t<div class=\"elementor-widget-container\">\n\t\t\t<style>\/*! elementor - v3.11.1 - 15-02-2023 *\/\n.elementor-heading-title{padding:0;margin:0;line-height:1}.elementor-widget-heading .elementor-heading-title[class*=elementor-size-]>a{color:inherit;font-size:inherit;line-height:inherit}.elementor-widget-heading .elementor-heading-title.elementor-size-small{font-size:15px}.elementor-widget-heading .elementor-heading-title.elementor-size-medium{font-size:19px}.elementor-widget-heading .elementor-heading-title.elementor-size-large{font-size:29px}.elementor-widget-heading .elementor-heading-title.elementor-size-xl{font-size:39px}.elementor-widget-heading .elementor-heading-title.elementor-size-xxl{font-size:59px}<\/style><h2 class=\"elementor-heading-title elementor-size-default\">\u00bfQui\u00e9nes Somos?<\/h2>\t\t<\/div>\n\t\t\t\t<\/div>\n\t\t\t\t<div class=\"elementor-element elementor-element-41f97f4f elementor-widget elementor-widget-text-editor\" data-id=\"41f97f4f\" data-element_type=\"widget\" data-widget_type=\"text-editor.default\">\n\t\t\t\t<div class=\"elementor-widget-container\">\n\t\t\t<style>\/*! elementor - v3.11.1 - 15-02-2023 *\/\n.elementor-widget-text-editor.elementor-drop-cap-view-stacked .elementor-drop-cap{background-color:#818a91;color:#fff}.elementor-widget-text-editor.elementor-drop-cap-view-framed .elementor-drop-cap{color:#818a91;border:3px solid;background-color:transparent}.elementor-widget-text-editor:not(.elementor-drop-cap-view-default) .elementor-drop-cap{margin-top:8px}.elementor-widget-text-editor:not(.elementor-drop-cap-view-default) .elementor-drop-cap-letter{width:1em;height:1em}.elementor-widget-text-editor .elementor-drop-cap{float:left;text-align:center;line-height:1;font-size:50px}.elementor-widget-text-editor .elementor-drop-cap-letter{display:inline-block}<\/style>\t\t\t\t<p><!-- wp:paragraph --><\/p>\n<p>Somos un despacho jur\u00eddico expertos en prevenci\u00f3n y soluciones en materia de arrendamiento inmobiliario, lo cual hacemos mediante la implementaci\u00f3n de los siguientes m\u00e9todos:\u00a0<\/p>\n<p><!-- \/wp:paragraph --><\/p>\n<p><!-- wp:paragraph --><\/p>\n<p><!-- \/wp:paragraph --><\/p>\n<p><!-- wp:gallery {\"linkTo\":\"none\"} --><\/p>\n<figure class=\"wp-block-gallery has-nested-images columns-default is-cropped\"><\/figure>\n<p><!-- \/wp:gallery --><\/p>\t\t\t\t\t\t<\/div>\n\t\t\t\t<\/div>\n\t\t\t\t<section class=\"elementor-section elementor-inner-section elementor-element elementor-element-f94aff2 elementor-section-boxed elementor-section-height-default elementor-section-height-default\" data-id=\"f94aff2\" data-element_type=\"section\">\n\t\t\t\t\t\t<div class=\"elementor-container elementor-column-gap-default\">\n\t\t\t\t\t<div class=\"aux-parallax-section elementor-column elementor-col-50 elementor-inner-column elementor-element elementor-element-4713b3b\" data-id=\"4713b3b\" data-element_type=\"column\">\n\t\t\t<div class=\"elementor-widget-wrap elementor-element-populated\">\n\t\t\t\t\t\t\t\t<div class=\"elementor-element elementor-element-1a11c67 elementor-widget elementor-widget-text-editor\" data-id=\"1a11c67\" data-element_type=\"widget\" data-widget_type=\"text-editor.default\">\n\t\t\t\t<div class=\"elementor-widget-container\">\n\t\t\t\t\t\t\t<h4><strong><img decoding=\"async\" loading=\"lazy\" class=\"alignleft\" src=\"https:\/\/cuidaturenta.com\/wp-content\/uploads\/2023\/02\/5-300x300.png\" alt=\"\" width=\"62\" height=\"62\" \/>Investigaci\u00f3n<\/strong><\/h4>\n<p>Para poder prevenir riesgos<\/p>\t\t\t\t\t\t<\/div>\n\t\t\t\t<\/div>\n\t\t\t\t\t<\/div>\n\t\t<\/div>\n\t\t\t\t<div class=\"aux-parallax-section elementor-column elementor-col-50 elementor-inner-column elementor-element elementor-element-dfa9834\" data-id=\"dfa9834\" data-element_type=\"column\">\n\t\t\t<div class=\"elementor-widget-wrap elementor-element-populated\">\n\t\t\t\t\t\t\t\t<div class=\"elementor-element elementor-element-ca3cf0f elementor-widget elementor-widget-text-editor\" data-id=\"ca3cf0f\" data-element_type=\"widget\" data-widget_type=\"text-editor.default\">\n\t\t\t\t<div class=\"elementor-widget-container\">\n\t\t\t\t\t\t\t<h4 style=\"text-align: left;\"><img decoding=\"async\" loading=\"lazy\" class=\"wp-image-235 alignleft\" src=\"https:\/\/cuidaturenta.com\/wp-content\/uploads\/2023\/02\/6-300x300.png\" alt=\"\" width=\"62\" height=\"62\" srcset=\"https:\/\/cuidaturenta.com\/wp-content\/uploads\/2023\/02\/6-300x300.png 300w, https:\/\/cuidaturenta.com\/wp-content\/uploads\/2023\/02\/6-150x150.png 150w, https:\/\/cuidaturenta.com\/wp-content\/uploads\/2023\/02\/6.png 500w\" sizes=\"(max-width: 62px) 100vw, 62px\" \/><strong>Protecci\u00f3n<\/strong><\/h4>\n<p style=\"color: #7a7a7a; font-family: Roboto, sans-serif; font-size: 16.0016px; font-weight: 400; text-align: left;\">Se obtiene mediante contratos elaborados por expertos en materia de arrendamiento de inmuebles<\/p>\t\t\t\t\t\t<\/div>\n\t\t\t\t<\/div>\n\t\t\t\t\t<\/div>\n\t\t<\/div>\n\t\t\t\t\t\t\t<\/div>\n\t\t<\/section>\n\t\t\t\t\t<\/div>\n\t\t<\/div>\n\t\t\t\t\t\t\t<\/div>\n\t\t<\/section>\n\t\t\t\t<section class=\"elementor-section elementor-top-section elementor-element elementor-element-464e4a7 elementor-section-boxed elementor-section-height-default elementor-section-height-default\" data-id=\"464e4a7\" data-element_type=\"section\">\n\t\t\t\t\t\t<div class=\"elementor-container elementor-column-gap-default\">\n\t\t\t\t\t<div class=\"aux-parallax-section elementor-column elementor-col-100 elementor-top-column elementor-element elementor-element-06b90ce\" data-id=\"06b90ce\" data-element_type=\"column\">\n\t\t\t<div class=\"elementor-widget-wrap elementor-element-populated\">\n\t\t\t\t\t\t\t\t<div class=\"elementor-element elementor-element-0f223dd elementor-widget elementor-widget-text-editor\" data-id=\"0f223dd\" data-element_type=\"widget\" data-widget_type=\"text-editor.default\">\n\t\t\t\t<div class=\"elementor-widget-container\">\n\t\t\t\t\t\t\t<h4 style=\"letter-spacing: normal; text-align: center;\"><img decoding=\"async\" loading=\"lazy\" class=\"alignnone  wp-image-236\" src=\"https:\/\/cuidaturenta.com\/wp-content\/uploads\/2023\/02\/7-300x300.png\" alt=\"\" width=\"76\" height=\"76\" srcset=\"https:\/\/cuidaturenta.com\/wp-content\/uploads\/2023\/02\/7-300x300.png 300w, https:\/\/cuidaturenta.com\/wp-content\/uploads\/2023\/02\/7-150x150.png 150w, https:\/\/cuidaturenta.com\/wp-content\/uploads\/2023\/02\/7.png 500w\" sizes=\"(max-width: 76px) 100vw, 76px\" \/>Soluci\u00f3n<\/h4>\n<p style=\"text-align: center;\"><span style=\"text-align: justify;\">Se obtiene mediante contratos elaborados por expertos en materia de arrendamiento de inmuebles<\/span><\/p>\t\t\t\t\t\t<\/div>\n\t\t\t\t<\/div>\n\t\t\t\t<div class=\"elementor-element elementor-element-23e9418 elementor-widget elementor-widget-spacer\" data-id=\"23e9418\" data-element_type=\"widget\" data-widget_type=\"spacer.default\">\n\t\t\t\t<div class=\"elementor-widget-container\">\n\t\t\t<style>\/*! elementor - v3.11.1 - 15-02-2023 *\/\n.elementor-column .elementor-spacer-inner{height:var(--spacer-size)}.e-con{--container-widget-width:100%}.e-con-inner>.elementor-widget-spacer,.e-con>.elementor-widget-spacer{width:var(--container-widget-width,var(--spacer-size));--align-self:var(--container-widget-align-self,initial);--flex-shrink:0}.e-con-inner>.elementor-widget-spacer>.elementor-widget-container,.e-con-inner>.elementor-widget-spacer>.elementor-widget-container>.elementor-spacer,.e-con>.elementor-widget-spacer>.elementor-widget-container,.e-con>.elementor-widget-spacer>.elementor-widget-container>.elementor-spacer{height:100%}.e-con-inner>.elementor-widget-spacer>.elementor-widget-container>.elementor-spacer>.elementor-spacer-inner,.e-con>.elementor-widget-spacer>.elementor-widget-container>.elementor-spacer>.elementor-spacer-inner{height:var(--container-widget-height,var(--spacer-size))}<\/style>\t\t<div class=\"elementor-spacer\">\n\t\t\t<div class=\"elementor-spacer-inner\"><\/div>\n\t\t<\/div>\n\t\t\t\t<\/div>\n\t\t\t\t<\/div>\n\t\t\t\t<div class=\"elementor-element elementor-element-43ef582 elementor-widget elementor-widget-heading\" data-id=\"43ef582\" data-element_type=\"widget\" data-widget_type=\"heading.default\">\n\t\t\t\t<div class=\"elementor-widget-container\">\n\t\t\t<h2 class=\"elementor-heading-title elementor-size-default\">Nuestros servicios son aptos para arrendamientos de tipo:<\/h2>\t\t<\/div>\n\t\t\t\t<\/div>\n\t\t\t\t<div class=\"elementor-element elementor-element-1703a99 elementor-widget elementor-widget-spacer\" data-id=\"1703a99\" data-element_type=\"widget\" data-widget_type=\"spacer.default\">\n\t\t\t\t<div class=\"elementor-widget-container\">\n\t\t\t\t\t<div class=\"elementor-spacer\">\n\t\t\t<div class=\"elementor-spacer-inner\"><\/div>\n\t\t<\/div>\n\t\t\t\t<\/div>\n\t\t\t\t<\/div>\n\t\t\t\t<section class=\"elementor-section elementor-inner-section elementor-element elementor-element-16e7c47 elementor-section-boxed elementor-section-height-default elementor-section-height-default\" data-id=\"16e7c47\" data-element_type=\"section\">\n\t\t\t\t\t\t<div class=\"elementor-container elementor-column-gap-default\">\n\t\t\t\t\t<div class=\"aux-parallax-section elementor-column elementor-col-50 elementor-inner-column elementor-element elementor-element-0b2044a\" data-id=\"0b2044a\" data-element_type=\"column\">\n\t\t\t<div class=\"elementor-widget-wrap elementor-element-populated\">\n\t\t\t\t\t\t\t\t<div class=\"elementor-element elementor-element-7134f52 elementor-widget elementor-widget-text-editor\" data-id=\"7134f52\" data-element_type=\"widget\" data-widget_type=\"text-editor.default\">\n\t\t\t\t<div class=\"elementor-widget-container\">\n\t\t\t\t\t\t\t<h4><img decoding=\"async\" loading=\"lazy\" class=\"alignnone wp-image-231\" src=\"https:\/\/cuidaturenta.com\/wp-content\/uploads\/2023\/02\/2-300x300.png\" alt=\"\" width=\"124\" height=\"124\" srcset=\"https:\/\/cuidaturenta.com\/wp-content\/uploads\/2023\/02\/2-300x300.png 300w, https:\/\/cuidaturenta.com\/wp-content\/uploads\/2023\/02\/2-150x150.png 150w, https:\/\/cuidaturenta.com\/wp-content\/uploads\/2023\/02\/2.png 500w\" sizes=\"(max-width: 124px) 100vw, 124px\" \/><strong>Habitacional<\/strong><\/h4>\t\t\t\t\t\t<\/div>\n\t\t\t\t<\/div>\n\t\t\t\t\t<\/div>\n\t\t<\/div>\n\t\t\t\t<div class=\"aux-parallax-section elementor-column elementor-col-50 elementor-inner-column elementor-element elementor-element-64b6781\" data-id=\"64b6781\" data-element_type=\"column\">\n\t\t\t<div class=\"elementor-widget-wrap elementor-element-populated\">\n\t\t\t\t\t\t\t\t<div class=\"elementor-element elementor-element-4cc4292 elementor-widget elementor-widget-text-editor\" data-id=\"4cc4292\" data-element_type=\"widget\" data-widget_type=\"text-editor.default\">\n\t\t\t\t<div class=\"elementor-widget-container\">\n\t\t\t\t\t\t\t<h4><strong style=\"font-size: 1.375em; letter-spacing: 0px;\"><img decoding=\"async\" loading=\"lazy\" src=\"https:\/\/cuidaturenta.com\/wp-content\/uploads\/2023\/02\/3-300x300.png\" alt=\"\" width=\"124\" height=\"124\" \/>Industrial<\/strong><\/h4>\t\t\t\t\t\t<\/div>\n\t\t\t\t<\/div>\n\t\t\t\t\t<\/div>\n\t\t<\/div>\n\t\t\t\t\t\t\t<\/div>\n\t\t<\/section>\n\t\t\t\t<div class=\"elementor-element elementor-element-97eda11 elementor-widget elementor-widget-text-editor\" data-id=\"97eda11\" data-element_type=\"widget\" data-widget_type=\"text-editor.default\">\n\t\t\t\t<div class=\"elementor-widget-container\">\n\t\t\t\t\t\t\t<h4 style=\"letter-spacing: normal; color: #7a7a7a;\"><img decoding=\"async\" loading=\"lazy\" src=\"https:\/\/cuidaturenta.com\/wp-content\/uploads\/2023\/02\/4-300x300.png\" alt=\"\" width=\"124\" height=\"124\" \/>Comercial<\/h4>\t\t\t\t\t\t<\/div>\n\t\t\t\t<\/div>\n\t\t\t\t\t<\/div>\n\t\t<\/div>\n\t\t\t\t\t\t\t<\/div>\n\t\t<\/section>\n\t\t\t\t\t\t\t<\/div>\n\t\t","protected":false},"excerpt":{"rendered":"<p>\u00bfQui\u00e9nes Somos? Somos un despacho jur\u00eddico expertos en prevenci\u00f3n y soluciones en materia de arrendamiento inmobiliario, lo cual hacemos mediante la implementaci\u00f3n de los siguientes m\u00e9todos:\u00a0 Investigaci\u00f3n Para poder prevenir riesgos Protecci\u00f3n Se obtiene mediante contratos elaborados por expertos en materia de arrendamiento de inmuebles Soluci\u00f3n Se obtiene mediante contratos elaborados por expertos en materia [&hellip;]<\/p>\n","protected":false},"author":1,"featured_media":0,"parent":0,"menu_order":0,"comment_status":"closed","ping_status":"closed","template":"","meta":{"om_disable_all_campaigns":false,"_mi_skip_tracking":false},"aioseo_notices":[],"_links":{"self":[{"href":"https:\/\/cuidaturenta.com\/index.php\/wp-json\/wp\/v2\/pages\/20"}],"collection":[{"href":"https:\/\/cuidaturenta.com\/index.php\/wp-json\/wp\/v2\/pages"}],"about":[{"href":"https:\/\/cuidaturenta.com\/index.php\/wp-json\/wp\/v2\/types\/page"}],"author":[{"embeddable":true,"href":"https:\/\/cuidaturenta.com\/index.php\/wp-json\/wp\/v2\/users\/1"}],"replies":[{"embeddable":true,"href":"https:\/\/cuidaturenta.com\/index.php\/wp-json\/wp\/v2\/comments?post=20"}],"version-history":[{"count":30,"href":"https:\/\/cuidaturenta.com\/index.php\/wp-json\/wp\/v2\/pages\/20\/revisions"}],"predecessor-version":[{"id":317,"href":"https:\/\/cuidaturenta.com\/index.php\/wp-json\/wp\/v2\/pages\/20\/revisions\/317"}],"wp:attachment":[{"href":"https:\/\/cuidaturenta.com\/index.php\/wp-json\/wp\/v2\/media?parent=20"}],"curies":[{"name":"wp","href":"https:\/\/api.w.org\/{rel}","templated":true}]}}